{"id":469,"date":"2025-02-19T00:17:16","date_gmt":"2025-02-19T05:17:16","guid":{"rendered":"https:\/\/firehouse.pe\/?post_type=product&#038;p=469"},"modified":"2025-02-19T00:17:16","modified_gmt":"2025-02-19T05:17:16","slug":"modelo-de-acupuntura-de-70-cm-xc-502a","status":"publish","type":"product","link":"https:\/\/firehouse.pe\/?product=modelo-de-acupuntura-de-70-cm-xc-502a","title":{"rendered":"Modelo de acupuntura de 70 cm XC-502A"},"content":{"rendered":"","protected":false},"excerpt":{"rendered":"<p>Este modelo de acupuntura es un material did\u00e1ctico ideal. Est\u00e1  cuidadosamente etiquetado con los puntos de presi\u00f3n y  meridianos correspondientes del antiguo arte de la curaci\u00f3n.  Est\u00e1 fabricado en pl\u00e1stico PVC. XC-502A Embalaje: 4 piezas\/caja, 77 x 61 x 37 cm, 11 kg<\/p>\n","protected":false},"featured_media":468,"comment_status":"open","ping_status":"closed","template":"","meta":[],"product_cat":[21],"product_tag":[],"class_list":{"0":"post-469","1":"product","2":"type-product","3":"status-publish","4":"has-post-thumbnail","6":"product_cat-medical-training-devices","8":"first","9":"instock","10":"shipping-taxable","11":"purchasable","12":"product-type-simple"},"_links":{"self":[{"href":"https:\/\/firehouse.pe\/index.php?rest_route=\/wp\/v2\/product\/469","targetHints":{"allow":["GET"]}}],"collection":[{"href":"https:\/\/firehouse.pe\/index.php?rest_route=\/wp\/v2\/product"}],"about":[{"href":"https:\/\/firehouse.pe\/index.php?rest_route=\/wp\/v2\/types\/product"}],"replies":[{"embeddable":true,"href":"https:\/\/firehouse.pe\/index.php?rest_route=%2Fwp%2Fv2%2Fcomments&post=469"}],"wp:featuredmedia":[{"embeddable":true,"href":"https:\/\/firehouse.pe\/index.php?rest_route=\/wp\/v2\/media\/468"}],"wp:attachment":[{"href":"https:\/\/firehouse.pe\/index.php?rest_route=%2Fwp%2Fv2%2Fmedia&parent=469"}],"wp:term":[{"taxonomy":"product_cat","embeddable":true,"href":"https:\/\/firehouse.pe\/index.php?rest_route=%2Fwp%2Fv2%2Fproduct_cat&post=469"},{"taxonomy":"product_tag","embeddable":true,"href":"https:\/\/firehouse.pe\/index.php?rest_route=%2Fwp%2Fv2%2Fproduct_tag&post=469"}],"curies":[{"name":"wp","href":"https:\/\/api.w.org\/{rel}","templated":true}]}}