{"id":470,"date":"2025-02-19T00:23:47","date_gmt":"2025-02-19T05:23:47","guid":{"rendered":"https:\/\/firehouse.pe\/?post_type=product&#038;p=470"},"modified":"2025-02-19T00:23:47","modified_gmt":"2025-02-19T05:23:47","slug":"modelo-de-acupuntura-de-26-cm-xc-506","status":"publish","type":"product","link":"https:\/\/firehouse.pe\/?product=modelo-de-acupuntura-de-26-cm-xc-506","title":{"rendered":"Modelo de acupuntura de 26 cm XC-506"},"content":{"rendered":"","protected":false},"excerpt":{"rendered":"<p>Este modelo de acupuntura en miniatura muestra 14 meridianos y 72 puntos de acupuntura marcados  con caracteres chinos o n\u00fameros. Ideal para la ense\u00f1anza b\u00e1sica de la terapia de acupuntura.<br \/>\nTama\u00f1o: 26 cm de alto. Embalaje: 20 piezas\/caja, 62 x 29 x 29 cm, 9 kg.<\/p>\n","protected":false},"featured_media":468,"comment_status":"open","ping_status":"closed","template":"","meta":[],"product_cat":[21],"product_tag":[],"class_list":{"0":"post-470","1":"product","2":"type-product","3":"status-publish","4":"has-post-thumbnail","6":"product_cat-medical-training-devices","8":"first","9":"instock","10":"shipping-taxable","11":"purchasable","12":"product-type-simple"},"_links":{"self":[{"href":"https:\/\/firehouse.pe\/index.php?rest_route=\/wp\/v2\/product\/470","targetHints":{"allow":["GET"]}}],"collection":[{"href":"https:\/\/firehouse.pe\/index.php?rest_route=\/wp\/v2\/product"}],"about":[{"href":"https:\/\/firehouse.pe\/index.php?rest_route=\/wp\/v2\/types\/product"}],"replies":[{"embeddable":true,"href":"https:\/\/firehouse.pe\/index.php?rest_route=%2Fwp%2Fv2%2Fcomments&post=470"}],"wp:featuredmedia":[{"embeddable":true,"href":"https:\/\/firehouse.pe\/index.php?rest_route=\/wp\/v2\/media\/468"}],"wp:attachment":[{"href":"https:\/\/firehouse.pe\/index.php?rest_route=%2Fwp%2Fv2%2Fmedia&parent=470"}],"wp:term":[{"taxonomy":"product_cat","embeddable":true,"href":"https:\/\/firehouse.pe\/index.php?rest_route=%2Fwp%2Fv2%2Fproduct_cat&post=470"},{"taxonomy":"product_tag","embeddable":true,"href":"https:\/\/firehouse.pe\/index.php?rest_route=%2Fwp%2Fv2%2Fproduct_tag&post=470"}],"curies":[{"name":"wp","href":"https:\/\/api.w.org\/{rel}","templated":true}]}}