{"id":487,"date":"2025-02-19T00:29:49","date_gmt":"2025-02-19T05:29:49","guid":{"rendered":"https:\/\/firehouse.pe\/?post_type=product&#038;p=487"},"modified":"2025-02-19T00:29:49","modified_gmt":"2025-02-19T05:29:49","slug":"modelo-de-auriculopuntura-de-13-cm-xc-508b","status":"publish","type":"product","link":"https:\/\/firehouse.pe\/?product=modelo-de-auriculopuntura-de-13-cm-xc-508b","title":{"rendered":"Modelo de auriculopuntura de 13 cm XC-508B"},"content":{"rendered":"","protected":false},"excerpt":{"rendered":"<p>Estos modelos de acupuntura auricular est\u00e1n hechos de pl\u00e1stico  PVC y muestran la ubicaci\u00f3n de los puntos de acupuntura en la  aur\u00edcula, lo que refleja las v\u00edsceras y partes del cuerpo humano  correspondientes. Se incluye un folleto que describe los puntos. Embalaje XC-508B: 100 piezas\/caja, 58 x 37 x 29 cm, 11 kg<\/p>\n","protected":false},"featured_media":476,"comment_status":"open","ping_status":"closed","template":"","meta":[],"product_cat":[21],"product_tag":[],"class_list":{"0":"post-487","1":"product","2":"type-product","3":"status-publish","4":"has-post-thumbnail","6":"product_cat-medical-training-devices","8":"first","9":"instock","10":"shipping-taxable","11":"purchasable","12":"product-type-simple"},"_links":{"self":[{"href":"https:\/\/firehouse.pe\/index.php?rest_route=\/wp\/v2\/product\/487","targetHints":{"allow":["GET"]}}],"collection":[{"href":"https:\/\/firehouse.pe\/index.php?rest_route=\/wp\/v2\/product"}],"about":[{"href":"https:\/\/firehouse.pe\/index.php?rest_route=\/wp\/v2\/types\/product"}],"replies":[{"embeddable":true,"href":"https:\/\/firehouse.pe\/index.php?rest_route=%2Fwp%2Fv2%2Fcomments&post=487"}],"wp:featuredmedia":[{"embeddable":true,"href":"https:\/\/firehouse.pe\/index.php?rest_route=\/wp\/v2\/media\/476"}],"wp:attachment":[{"href":"https:\/\/firehouse.pe\/index.php?rest_route=%2Fwp%2Fv2%2Fmedia&parent=487"}],"wp:term":[{"taxonomy":"product_cat","embeddable":true,"href":"https:\/\/firehouse.pe\/index.php?rest_route=%2Fwp%2Fv2%2Fproduct_cat&post=487"},{"taxonomy":"product_tag","embeddable":true,"href":"https:\/\/firehouse.pe\/index.php?rest_route=%2Fwp%2Fv2%2Fproduct_tag&post=487"}],"curies":[{"name":"wp","href":"https:\/\/api.w.org\/{rel}","templated":true}]}}