{"id":489,"date":"2025-02-19T00:32:38","date_gmt":"2025-02-19T05:32:38","guid":{"rendered":"https:\/\/firehouse.pe\/?post_type=product&#038;p=489"},"modified":"2025-02-19T00:32:38","modified_gmt":"2025-02-19T05:32:38","slug":"modelo-de-auriculopuntura-de-40-cm-xc-508d","status":"publish","type":"product","link":"https:\/\/firehouse.pe\/?product=modelo-de-auriculopuntura-de-40-cm-xc-508d","title":{"rendered":"Modelo  de auriculopuntura de 40 cm XC-508D"},"content":{"rendered":"","protected":false},"excerpt":{"rendered":"<p>Estos modelos de acupuntura auricular est\u00e1n hechos de pl\u00e1stico  PVC y muestran la ubicaci\u00f3n de los puntos de acupuntura en la  aur\u00edcula, lo que refleja las v\u00edsceras y partes del cuerpo humano  correspondientes. Se incluye un folleto que describe los puntos. Embalaje XC-508D: 4 piezas\/caja, 55 x 39 x 47 cm, 8 kg<\/p>\n","protected":false},"featured_media":476,"comment_status":"open","ping_status":"closed","template":"","meta":[],"product_cat":[21],"product_tag":[],"class_list":{"0":"post-489","1":"product","2":"type-product","3":"status-publish","4":"has-post-thumbnail","6":"product_cat-medical-training-devices","8":"first","9":"instock","10":"shipping-taxable","11":"purchasable","12":"product-type-simple"},"_links":{"self":[{"href":"https:\/\/firehouse.pe\/index.php?rest_route=\/wp\/v2\/product\/489","targetHints":{"allow":["GET"]}}],"collection":[{"href":"https:\/\/firehouse.pe\/index.php?rest_route=\/wp\/v2\/product"}],"about":[{"href":"https:\/\/firehouse.pe\/index.php?rest_route=\/wp\/v2\/types\/product"}],"replies":[{"embeddable":true,"href":"https:\/\/firehouse.pe\/index.php?rest_route=%2Fwp%2Fv2%2Fcomments&post=489"}],"wp:featuredmedia":[{"embeddable":true,"href":"https:\/\/firehouse.pe\/index.php?rest_route=\/wp\/v2\/media\/476"}],"wp:attachment":[{"href":"https:\/\/firehouse.pe\/index.php?rest_route=%2Fwp%2Fv2%2Fmedia&parent=489"}],"wp:term":[{"taxonomy":"product_cat","embeddable":true,"href":"https:\/\/firehouse.pe\/index.php?rest_route=%2Fwp%2Fv2%2Fproduct_cat&post=489"},{"taxonomy":"product_tag","embeddable":true,"href":"https:\/\/firehouse.pe\/index.php?rest_route=%2Fwp%2Fv2%2Fproduct_tag&post=489"}],"curies":[{"name":"wp","href":"https:\/\/api.w.org\/{rel}","templated":true}]}}