{"id":497,"date":"2025-03-22T11:53:05","date_gmt":"2025-03-22T16:53:05","guid":{"rendered":"https:\/\/firehouse.pe\/?post_type=product&#038;p=497"},"modified":"2025-03-22T11:53:06","modified_gmt":"2025-03-22T16:53:06","slug":"flir-k2","status":"publish","type":"product","link":"https:\/\/firehouse.pe\/?product=flir-k2","title":{"rendered":"Flir K2"},"content":{"rendered":"","protected":false},"excerpt":{"rendered":"<p>FLIR se ha impuesto la misi\u00f3n de crear equipos de uso com\u00fan con c\u00e1maras termogr\u00e1ficas de alta calidad para todos y cada uno de los miembros de los cuerpos de bomberos. El FLIR K2 lo hace posible al proporcionar capacidad, robustez y confiabilidad a un precio asequible.<\/p>\n","protected":false},"featured_media":498,"comment_status":"open","ping_status":"closed","template":"","meta":[],"product_cat":[22],"product_tag":[],"class_list":{"0":"post-497","1":"product","2":"type-product","3":"status-publish","4":"has-post-thumbnail","6":"product_cat-firefighting-ppe","8":"first","9":"instock","10":"shipping-taxable","11":"purchasable","12":"product-type-simple"},"_links":{"self":[{"href":"https:\/\/firehouse.pe\/index.php?rest_route=\/wp\/v2\/product\/497","targetHints":{"allow":["GET"]}}],"collection":[{"href":"https:\/\/firehouse.pe\/index.php?rest_route=\/wp\/v2\/product"}],"about":[{"href":"https:\/\/firehouse.pe\/index.php?rest_route=\/wp\/v2\/types\/product"}],"replies":[{"embeddable":true,"href":"https:\/\/firehouse.pe\/index.php?rest_route=%2Fwp%2Fv2%2Fcomments&post=497"}],"wp:featuredmedia":[{"embeddable":true,"href":"https:\/\/firehouse.pe\/index.php?rest_route=\/wp\/v2\/media\/498"}],"wp:attachment":[{"href":"https:\/\/firehouse.pe\/index.php?rest_route=%2Fwp%2Fv2%2Fmedia&parent=497"}],"wp:term":[{"taxonomy":"product_cat","embeddable":true,"href":"https:\/\/firehouse.pe\/index.php?rest_route=%2Fwp%2Fv2%2Fproduct_cat&post=497"},{"taxonomy":"product_tag","embeddable":true,"href":"https:\/\/firehouse.pe\/index.php?rest_route=%2Fwp%2Fv2%2Fproduct_tag&post=497"}],"curies":[{"name":"wp","href":"https:\/\/api.w.org\/{rel}","templated":true}]}}