{"id":499,"date":"2025-03-22T11:56:49","date_gmt":"2025-03-22T16:56:49","guid":{"rendered":"https:\/\/firehouse.pe\/?post_type=product&#038;p=499"},"modified":"2025-03-22T11:56:49","modified_gmt":"2025-03-22T16:56:49","slug":"armario-de-secado-desinfeccion-y-descontaminacion-ar120-hap","status":"publish","type":"product","link":"https:\/\/firehouse.pe\/?product=armario-de-secado-desinfeccion-y-descontaminacion-ar120-hap","title":{"rendered":"Armario de secado, desinfecci\u00f3n y descontaminaci\u00f3n AR120 HAP"},"content":{"rendered":"","protected":false},"excerpt":{"rendered":"<p>El armario AR120 HAP incorpora funciones de secado, higienizaci\u00f3n, desinfecci\u00f3n y descontaminaci\u00f3n: una innovaci\u00f3n que se beneficia del poder del ozono y en particular permite la descontaminaci\u00f3n de Hidrocarburos arom\u00e1ticos polic\u00edclicos<\/p>\n","protected":false},"featured_media":500,"comment_status":"open","ping_status":"closed","template":"","meta":[],"product_cat":[22],"product_tag":[],"class_list":{"0":"post-499","1":"product","2":"type-product","3":"status-publish","4":"has-post-thumbnail","6":"product_cat-firefighting-ppe","8":"first","9":"instock","10":"shipping-taxable","11":"purchasable","12":"product-type-simple"},"_links":{"self":[{"href":"https:\/\/firehouse.pe\/index.php?rest_route=\/wp\/v2\/product\/499","targetHints":{"allow":["GET"]}}],"collection":[{"href":"https:\/\/firehouse.pe\/index.php?rest_route=\/wp\/v2\/product"}],"about":[{"href":"https:\/\/firehouse.pe\/index.php?rest_route=\/wp\/v2\/types\/product"}],"replies":[{"embeddable":true,"href":"https:\/\/firehouse.pe\/index.php?rest_route=%2Fwp%2Fv2%2Fcomments&post=499"}],"wp:featuredmedia":[{"embeddable":true,"href":"https:\/\/firehouse.pe\/index.php?rest_route=\/wp\/v2\/media\/500"}],"wp:attachment":[{"href":"https:\/\/firehouse.pe\/index.php?rest_route=%2Fwp%2Fv2%2Fmedia&parent=499"}],"wp:term":[{"taxonomy":"product_cat","embeddable":true,"href":"https:\/\/firehouse.pe\/index.php?rest_route=%2Fwp%2Fv2%2Fproduct_cat&post=499"},{"taxonomy":"product_tag","embeddable":true,"href":"https:\/\/firehouse.pe\/index.php?rest_route=%2Fwp%2Fv2%2Fproduct_tag&post=499"}],"curies":[{"name":"wp","href":"https:\/\/api.w.org\/{rel}","templated":true}]}}