{"id":513,"date":"2025-03-22T12:07:21","date_gmt":"2025-03-22T17:07:21","guid":{"rendered":"https:\/\/firehouse.pe\/?post_type=product&#038;p=513"},"modified":"2025-03-22T12:07:21","modified_gmt":"2025-03-22T17:07:21","slug":"rastrillo-combinado-derki-con-cabo-de-fibra-de-vidrio","status":"publish","type":"product","link":"https:\/\/firehouse.pe\/?product=rastrillo-combinado-derki-con-cabo-de-fibra-de-vidrio","title":{"rendered":"Rastrillo combinado Derki con cabo de fibra de vidrio"},"content":{"rendered":"","protected":false},"excerpt":{"rendered":"<p>El rastrillo es una herramienta c\u00f3moda, \u00fatil y segura para brigadas en la creaci\u00f3n de l\u00edneas de defensa. Su versatilidad y adaptabilidad, en cuanto a su uso, permite obtener buenos resultados sin necesidad de cambiar de herramienta.<\/p>\n","protected":false},"featured_media":514,"comment_status":"open","ping_status":"closed","template":"","meta":[],"product_cat":[31],"product_tag":[],"class_list":{"0":"post-513","1":"product","2":"type-product","3":"status-publish","4":"has-post-thumbnail","6":"product_cat-herramientas-forestales","8":"first","9":"instock","10":"shipping-taxable","11":"purchasable","12":"product-type-simple"},"_links":{"self":[{"href":"https:\/\/firehouse.pe\/index.php?rest_route=\/wp\/v2\/product\/513","targetHints":{"allow":["GET"]}}],"collection":[{"href":"https:\/\/firehouse.pe\/index.php?rest_route=\/wp\/v2\/product"}],"about":[{"href":"https:\/\/firehouse.pe\/index.php?rest_route=\/wp\/v2\/types\/product"}],"replies":[{"embeddable":true,"href":"https:\/\/firehouse.pe\/index.php?rest_route=%2Fwp%2Fv2%2Fcomments&post=513"}],"wp:featuredmedia":[{"embeddable":true,"href":"https:\/\/firehouse.pe\/index.php?rest_route=\/wp\/v2\/media\/514"}],"wp:attachment":[{"href":"https:\/\/firehouse.pe\/index.php?rest_route=%2Fwp%2Fv2%2Fmedia&parent=513"}],"wp:term":[{"taxonomy":"product_cat","embeddable":true,"href":"https:\/\/firehouse.pe\/index.php?rest_route=%2Fwp%2Fv2%2Fproduct_cat&post=513"},{"taxonomy":"product_tag","embeddable":true,"href":"https:\/\/firehouse.pe\/index.php?rest_route=%2Fwp%2Fv2%2Fproduct_tag&post=513"}],"curies":[{"name":"wp","href":"https:\/\/api.w.org\/{rel}","templated":true}]}}