{"id":517,"date":"2025-03-22T12:09:54","date_gmt":"2025-03-22T17:09:54","guid":{"rendered":"https:\/\/firehouse.pe\/?post_type=product&#038;p=517"},"modified":"2025-03-22T12:09:54","modified_gmt":"2025-03-22T17:09:54","slug":"mascara-de-proteccion-forestal","status":"publish","type":"product","link":"https:\/\/firehouse.pe\/?product=mascara-de-proteccion-forestal","title":{"rendered":"M\u00e1scara de protecci\u00f3n forestal"},"content":{"rendered":"","protected":false},"excerpt":{"rendered":"<p>M\u00c1SCARA FORESTAL que protege la cara y cuello del bombero frente al calor radiante y part\u00edculas incandescentes evitando la inhalaci\u00f3n de gases contaminantes gracias a su filtro<br \/>\nintercambiable con v\u00e1lvula de exhalaci\u00f3n.<\/p>\n","protected":false},"featured_media":518,"comment_status":"open","ping_status":"closed","template":"","meta":[],"product_cat":[31],"product_tag":[],"class_list":{"0":"post-517","1":"product","2":"type-product","3":"status-publish","4":"has-post-thumbnail","6":"product_cat-herramientas-forestales","8":"first","9":"instock","10":"shipping-taxable","11":"purchasable","12":"product-type-simple"},"_links":{"self":[{"href":"https:\/\/firehouse.pe\/index.php?rest_route=\/wp\/v2\/product\/517","targetHints":{"allow":["GET"]}}],"collection":[{"href":"https:\/\/firehouse.pe\/index.php?rest_route=\/wp\/v2\/product"}],"about":[{"href":"https:\/\/firehouse.pe\/index.php?rest_route=\/wp\/v2\/types\/product"}],"replies":[{"embeddable":true,"href":"https:\/\/firehouse.pe\/index.php?rest_route=%2Fwp%2Fv2%2Fcomments&post=517"}],"wp:featuredmedia":[{"embeddable":true,"href":"https:\/\/firehouse.pe\/index.php?rest_route=\/wp\/v2\/media\/518"}],"wp:attachment":[{"href":"https:\/\/firehouse.pe\/index.php?rest_route=%2Fwp%2Fv2%2Fmedia&parent=517"}],"wp:term":[{"taxonomy":"product_cat","embeddable":true,"href":"https:\/\/firehouse.pe\/index.php?rest_route=%2Fwp%2Fv2%2Fproduct_cat&post=517"},{"taxonomy":"product_tag","embeddable":true,"href":"https:\/\/firehouse.pe\/index.php?rest_route=%2Fwp%2Fv2%2Fproduct_tag&post=517"}],"curies":[{"name":"wp","href":"https:\/\/api.w.org\/{rel}","templated":true}]}}