{"id":521,"date":"2025-03-22T12:11:49","date_gmt":"2025-03-22T17:11:49","guid":{"rendered":"https:\/\/firehouse.pe\/?post_type=product&#038;p=521"},"modified":"2025-03-22T12:11:49","modified_gmt":"2025-03-22T17:11:49","slug":"pulaski-con-cabo-de-fibra-de-vidrio","status":"publish","type":"product","link":"https:\/\/firehouse.pe\/?product=pulaski-con-cabo-de-fibra-de-vidrio","title":{"rendered":"Pulaski con cabo de fibra de vidrio"},"content":{"rendered":"","protected":false},"excerpt":{"rendered":"<p>Herramienta de mano vers\u00e1til, dise\u00f1ada para la construcci\u00f3n de contrafuegos. Combina una azada y un hacha para cavar, raspar suelos y abrir l\u00edneas de vegetaci\u00f3n. Su cabezal est\u00e1 construido con acero forjado y sus filos son tratados t\u00e9rmicamente para una mayor resistencia y seguridad (50-55 RC).<\/p>\n","protected":false},"featured_media":522,"comment_status":"open","ping_status":"closed","template":"","meta":[],"product_cat":[31],"product_tag":[],"class_list":{"0":"post-521","1":"product","2":"type-product","3":"status-publish","4":"has-post-thumbnail","6":"product_cat-herramientas-forestales","8":"first","9":"instock","10":"shipping-taxable","11":"purchasable","12":"product-type-simple"},"_links":{"self":[{"href":"https:\/\/firehouse.pe\/index.php?rest_route=\/wp\/v2\/product\/521","targetHints":{"allow":["GET"]}}],"collection":[{"href":"https:\/\/firehouse.pe\/index.php?rest_route=\/wp\/v2\/product"}],"about":[{"href":"https:\/\/firehouse.pe\/index.php?rest_route=\/wp\/v2\/types\/product"}],"replies":[{"embeddable":true,"href":"https:\/\/firehouse.pe\/index.php?rest_route=%2Fwp%2Fv2%2Fcomments&post=521"}],"wp:featuredmedia":[{"embeddable":true,"href":"https:\/\/firehouse.pe\/index.php?rest_route=\/wp\/v2\/media\/522"}],"wp:attachment":[{"href":"https:\/\/firehouse.pe\/index.php?rest_route=%2Fwp%2Fv2%2Fmedia&parent=521"}],"wp:term":[{"taxonomy":"product_cat","embeddable":true,"href":"https:\/\/firehouse.pe\/index.php?rest_route=%2Fwp%2Fv2%2Fproduct_cat&post=521"},{"taxonomy":"product_tag","embeddable":true,"href":"https:\/\/firehouse.pe\/index.php?rest_route=%2Fwp%2Fv2%2Fproduct_tag&post=521"}],"curies":[{"name":"wp","href":"https:\/\/api.w.org\/{rel}","templated":true}]}}