{"id":524,"date":"2025-03-22T12:14:21","date_gmt":"2025-03-22T17:14:21","guid":{"rendered":"https:\/\/firehouse.pe\/?post_type=product&#038;p=524"},"modified":"2025-03-22T12:14:22","modified_gmt":"2025-03-22T17:14:22","slug":"azada-cuadrada","status":"publish","type":"product","link":"https:\/\/firehouse.pe\/?product=azada-cuadrada","title":{"rendered":"Azada cuadrada"},"content":{"rendered":"","protected":false},"excerpt":{"rendered":"<p>Utilizada para remover grandes cantidades de material en terreno, permite cavar y crear l\u00edneas de fuego. Su placa y mango ergon\u00f3mico est\u00e1n fabricados en materiales de alta durabilidad y resistencia: acero y fibra de vidrio.<\/p>\n","protected":false},"featured_media":525,"comment_status":"open","ping_status":"closed","template":"","meta":[],"product_cat":[31],"product_tag":[],"class_list":{"0":"post-524","1":"product","2":"type-product","3":"status-publish","4":"has-post-thumbnail","6":"product_cat-herramientas-forestales","8":"first","9":"instock","10":"shipping-taxable","11":"purchasable","12":"product-type-simple"},"_links":{"self":[{"href":"https:\/\/firehouse.pe\/index.php?rest_route=\/wp\/v2\/product\/524","targetHints":{"allow":["GET"]}}],"collection":[{"href":"https:\/\/firehouse.pe\/index.php?rest_route=\/wp\/v2\/product"}],"about":[{"href":"https:\/\/firehouse.pe\/index.php?rest_route=\/wp\/v2\/types\/product"}],"replies":[{"embeddable":true,"href":"https:\/\/firehouse.pe\/index.php?rest_route=%2Fwp%2Fv2%2Fcomments&post=524"}],"wp:featuredmedia":[{"embeddable":true,"href":"https:\/\/firehouse.pe\/index.php?rest_route=\/wp\/v2\/media\/525"}],"wp:attachment":[{"href":"https:\/\/firehouse.pe\/index.php?rest_route=%2Fwp%2Fv2%2Fmedia&parent=524"}],"wp:term":[{"taxonomy":"product_cat","embeddable":true,"href":"https:\/\/firehouse.pe\/index.php?rest_route=%2Fwp%2Fv2%2Fproduct_cat&post=524"},{"taxonomy":"product_tag","embeddable":true,"href":"https:\/\/firehouse.pe\/index.php?rest_route=%2Fwp%2Fv2%2Fproduct_tag&post=524"}],"curies":[{"name":"wp","href":"https:\/\/api.w.org\/{rel}","templated":true}]}}