{"id":528,"date":"2025-03-22T12:18:47","date_gmt":"2025-03-22T17:18:47","guid":{"rendered":"https:\/\/firehouse.pe\/?post_type=product&#038;p=528"},"modified":"2025-03-22T12:18:47","modified_gmt":"2025-03-22T17:18:47","slug":"azada-triangular","status":"publish","type":"product","link":"https:\/\/firehouse.pe\/?product=azada-triangular","title":{"rendered":"Azada triangular"},"content":{"rendered":"","protected":false},"excerpt":{"rendered":"<p>Utilizada para remover el terreno, cavar y crear l\u00edneas de fuego. Su placa y mango ergon\u00f3mico est\u00e1n  fabricados en materiales de alta durabilidad y resistencia: acero y fibra de vidrio. La placa de acero aleado antidesgaste posee 6 mm. de espesor y posee filo simple biselado en ambos extremos. No requiere tratamiento t\u00e9rmico adicional por la dureza propia del acero aleado de 44 a 46 HRc.<\/p>\n","protected":false},"featured_media":529,"comment_status":"open","ping_status":"closed","template":"","meta":[],"product_cat":[31],"product_tag":[],"class_list":{"0":"post-528","1":"product","2":"type-product","3":"status-publish","4":"has-post-thumbnail","6":"product_cat-herramientas-forestales","8":"first","9":"instock","10":"shipping-taxable","11":"purchasable","12":"product-type-simple"},"_links":{"self":[{"href":"https:\/\/firehouse.pe\/index.php?rest_route=\/wp\/v2\/product\/528","targetHints":{"allow":["GET"]}}],"collection":[{"href":"https:\/\/firehouse.pe\/index.php?rest_route=\/wp\/v2\/product"}],"about":[{"href":"https:\/\/firehouse.pe\/index.php?rest_route=\/wp\/v2\/types\/product"}],"replies":[{"embeddable":true,"href":"https:\/\/firehouse.pe\/index.php?rest_route=%2Fwp%2Fv2%2Fcomments&post=528"}],"wp:featuredmedia":[{"embeddable":true,"href":"https:\/\/firehouse.pe\/index.php?rest_route=\/wp\/v2\/media\/529"}],"wp:attachment":[{"href":"https:\/\/firehouse.pe\/index.php?rest_route=%2Fwp%2Fv2%2Fmedia&parent=528"}],"wp:term":[{"taxonomy":"product_cat","embeddable":true,"href":"https:\/\/firehouse.pe\/index.php?rest_route=%2Fwp%2Fv2%2Fproduct_cat&post=528"},{"taxonomy":"product_tag","embeddable":true,"href":"https:\/\/firehouse.pe\/index.php?rest_route=%2Fwp%2Fv2%2Fproduct_tag&post=528"}],"curies":[{"name":"wp","href":"https:\/\/api.w.org\/{rel}","templated":true}]}}