{"id":536,"date":"2025-03-22T12:23:59","date_gmt":"2025-03-22T17:23:59","guid":{"rendered":"https:\/\/firehouse.pe\/?post_type=product&#038;p=536"},"modified":"2025-03-22T12:23:59","modified_gmt":"2025-03-22T17:23:59","slug":"batefuego-con-cabo-de-fibra-de-vidrio","status":"publish","type":"product","link":"https:\/\/firehouse.pe\/?product=batefuego-con-cabo-de-fibra-de-vidrio","title":{"rendered":"Batefuego con cabo de fibra de vidrio"},"content":{"rendered":"","protected":false},"excerpt":{"rendered":"<p>El batefuego de alto rendimiento y durabilidad es ideal para sofocar, a trav\u00e9s de golpes, la l\u00ednea de fuego forestal. Es liviana y de f\u00e1cil utilizaci\u00f3n que ofrece el menor esfuerzo para el usuario que opera la herramienta.<\/p>\n","protected":false},"featured_media":537,"comment_status":"open","ping_status":"closed","template":"","meta":[],"product_cat":[31],"product_tag":[],"class_list":{"0":"post-536","1":"product","2":"type-product","3":"status-publish","4":"has-post-thumbnail","6":"product_cat-herramientas-forestales","8":"first","9":"instock","10":"shipping-taxable","11":"purchasable","12":"product-type-simple"},"_links":{"self":[{"href":"https:\/\/firehouse.pe\/index.php?rest_route=\/wp\/v2\/product\/536","targetHints":{"allow":["GET"]}}],"collection":[{"href":"https:\/\/firehouse.pe\/index.php?rest_route=\/wp\/v2\/product"}],"about":[{"href":"https:\/\/firehouse.pe\/index.php?rest_route=\/wp\/v2\/types\/product"}],"replies":[{"embeddable":true,"href":"https:\/\/firehouse.pe\/index.php?rest_route=%2Fwp%2Fv2%2Fcomments&post=536"}],"wp:featuredmedia":[{"embeddable":true,"href":"https:\/\/firehouse.pe\/index.php?rest_route=\/wp\/v2\/media\/537"}],"wp:attachment":[{"href":"https:\/\/firehouse.pe\/index.php?rest_route=%2Fwp%2Fv2%2Fmedia&parent=536"}],"wp:term":[{"taxonomy":"product_cat","embeddable":true,"href":"https:\/\/firehouse.pe\/index.php?rest_route=%2Fwp%2Fv2%2Fproduct_cat&post=536"},{"taxonomy":"product_tag","embeddable":true,"href":"https:\/\/firehouse.pe\/index.php?rest_route=%2Fwp%2Fv2%2Fproduct_tag&post=536"}],"curies":[{"name":"wp","href":"https:\/\/api.w.org\/{rel}","templated":true}]}}