{"id":570,"date":"2025-03-22T19:57:43","date_gmt":"2025-03-23T00:57:43","guid":{"rendered":"https:\/\/firehouse.pe\/?post_type=product&#038;p=570"},"modified":"2025-03-22T19:57:44","modified_gmt":"2025-03-23T00:57:44","slug":"pala-forestal","status":"publish","type":"product","link":"https:\/\/firehouse.pe\/?product=pala-forestal","title":{"rendered":"Pala forestal"},"content":{"rendered":"","protected":false},"excerpt":{"rendered":"<p>La Pala es el elemento infaltable, perfecto para ampliar l\u00edneas de defensa, excavado y remoci\u00f3n de vegetaci\u00f3n, hasta llegar al suelo mineral. Es muy efectiva en el corte del combustible y en detener la propagaci\u00f3n del fuego. Destacada por su resistencia y duraci\u00f3n debido a la protecci\u00f3n otorgada por la pintura horneada.<\/p>\n","protected":false},"featured_media":571,"comment_status":"open","ping_status":"closed","template":"","meta":[],"product_cat":[31],"product_tag":[],"class_list":{"0":"post-570","1":"product","2":"type-product","3":"status-publish","4":"has-post-thumbnail","6":"product_cat-herramientas-forestales","8":"first","9":"instock","10":"shipping-taxable","11":"purchasable","12":"product-type-simple"},"_links":{"self":[{"href":"https:\/\/firehouse.pe\/index.php?rest_route=\/wp\/v2\/product\/570","targetHints":{"allow":["GET"]}}],"collection":[{"href":"https:\/\/firehouse.pe\/index.php?rest_route=\/wp\/v2\/product"}],"about":[{"href":"https:\/\/firehouse.pe\/index.php?rest_route=\/wp\/v2\/types\/product"}],"replies":[{"embeddable":true,"href":"https:\/\/firehouse.pe\/index.php?rest_route=%2Fwp%2Fv2%2Fcomments&post=570"}],"wp:featuredmedia":[{"embeddable":true,"href":"https:\/\/firehouse.pe\/index.php?rest_route=\/wp\/v2\/media\/571"}],"wp:attachment":[{"href":"https:\/\/firehouse.pe\/index.php?rest_route=%2Fwp%2Fv2%2Fmedia&parent=570"}],"wp:term":[{"taxonomy":"product_cat","embeddable":true,"href":"https:\/\/firehouse.pe\/index.php?rest_route=%2Fwp%2Fv2%2Fproduct_cat&post=570"},{"taxonomy":"product_tag","embeddable":true,"href":"https:\/\/firehouse.pe\/index.php?rest_route=%2Fwp%2Fv2%2Fproduct_tag&post=570"}],"curies":[{"name":"wp","href":"https:\/\/api.w.org\/{rel}","templated":true}]}}