{"id":578,"date":"2025-03-22T20:04:57","date_gmt":"2025-03-23T01:04:57","guid":{"rendered":"https:\/\/firehouse.pe\/?post_type=product&#038;p=578"},"modified":"2025-03-22T20:04:57","modified_gmt":"2025-03-23T01:04:57","slug":"rastrillo-segador","status":"publish","type":"product","link":"https:\/\/firehouse.pe\/?product=rastrillo-segador","title":{"rendered":"Rastrillo segador"},"content":{"rendered":"","protected":false},"excerpt":{"rendered":"<p>Elemento indicado para preparar el suelo y limpiarlo. Cuenta con grandes cualidades para remover la vegetaci\u00f3n a trav\u00e9s de t\u00e9cnicas de raspado y corte. Utilizado para el ataque indirecto del fuego, ya que amplifica y crea l\u00edneas de defensa, calles cortafuego o limpieza de l\u00edneas en las guardias de ceniza.<\/p>\n","protected":false},"featured_media":579,"comment_status":"open","ping_status":"closed","template":"","meta":[],"product_cat":[31],"product_tag":[],"class_list":{"0":"post-578","1":"product","2":"type-product","3":"status-publish","4":"has-post-thumbnail","6":"product_cat-herramientas-forestales","8":"first","9":"instock","10":"shipping-taxable","11":"purchasable","12":"product-type-simple"},"_links":{"self":[{"href":"https:\/\/firehouse.pe\/index.php?rest_route=\/wp\/v2\/product\/578","targetHints":{"allow":["GET"]}}],"collection":[{"href":"https:\/\/firehouse.pe\/index.php?rest_route=\/wp\/v2\/product"}],"about":[{"href":"https:\/\/firehouse.pe\/index.php?rest_route=\/wp\/v2\/types\/product"}],"replies":[{"embeddable":true,"href":"https:\/\/firehouse.pe\/index.php?rest_route=%2Fwp%2Fv2%2Fcomments&post=578"}],"wp:featuredmedia":[{"embeddable":true,"href":"https:\/\/firehouse.pe\/index.php?rest_route=\/wp\/v2\/media\/579"}],"wp:attachment":[{"href":"https:\/\/firehouse.pe\/index.php?rest_route=%2Fwp%2Fv2%2Fmedia&parent=578"}],"wp:term":[{"taxonomy":"product_cat","embeddable":true,"href":"https:\/\/firehouse.pe\/index.php?rest_route=%2Fwp%2Fv2%2Fproduct_cat&post=578"},{"taxonomy":"product_tag","embeddable":true,"href":"https:\/\/firehouse.pe\/index.php?rest_route=%2Fwp%2Fv2%2Fproduct_tag&post=578"}],"curies":[{"name":"wp","href":"https:\/\/api.w.org\/{rel}","templated":true}]}}