{"id":586,"date":"2025-03-22T20:42:47","date_gmt":"2025-03-23T01:42:47","guid":{"rendered":"https:\/\/firehouse.pe\/?post_type=product&#038;p=586"},"modified":"2025-03-22T20:42:47","modified_gmt":"2025-03-23T01:42:47","slug":"tajamata","status":"publish","type":"product","link":"https:\/\/firehouse.pe\/?product=tajamata","title":{"rendered":"Tajamata"},"content":{"rendered":"","protected":false},"excerpt":{"rendered":"<p>La Tajamata es una herramienta de uso habitual en l\u00edneas de cortafuego y ensanches de defensa, lo que impide la continuidad del combustible. Dispone de una hoja con filo curvo capaz de cortar por roce, adem\u00e1s puede alcanzar peque\u00f1as ramas, arbustos o vegetaci\u00f3n de altura media.<\/p>\n","protected":false},"featured_media":587,"comment_status":"open","ping_status":"closed","template":"","meta":[],"product_cat":[31],"product_tag":[],"class_list":{"0":"post-586","1":"product","2":"type-product","3":"status-publish","4":"has-post-thumbnail","6":"product_cat-herramientas-forestales","8":"first","9":"instock","10":"shipping-taxable","11":"purchasable","12":"product-type-simple"},"_links":{"self":[{"href":"https:\/\/firehouse.pe\/index.php?rest_route=\/wp\/v2\/product\/586","targetHints":{"allow":["GET"]}}],"collection":[{"href":"https:\/\/firehouse.pe\/index.php?rest_route=\/wp\/v2\/product"}],"about":[{"href":"https:\/\/firehouse.pe\/index.php?rest_route=\/wp\/v2\/types\/product"}],"replies":[{"embeddable":true,"href":"https:\/\/firehouse.pe\/index.php?rest_route=%2Fwp%2Fv2%2Fcomments&post=586"}],"wp:featuredmedia":[{"embeddable":true,"href":"https:\/\/firehouse.pe\/index.php?rest_route=\/wp\/v2\/media\/587"}],"wp:attachment":[{"href":"https:\/\/firehouse.pe\/index.php?rest_route=%2Fwp%2Fv2%2Fmedia&parent=586"}],"wp:term":[{"taxonomy":"product_cat","embeddable":true,"href":"https:\/\/firehouse.pe\/index.php?rest_route=%2Fwp%2Fv2%2Fproduct_cat&post=586"},{"taxonomy":"product_tag","embeddable":true,"href":"https:\/\/firehouse.pe\/index.php?rest_route=%2Fwp%2Fv2%2Fproduct_tag&post=586"}],"curies":[{"name":"wp","href":"https:\/\/api.w.org\/{rel}","templated":true}]}}