{"id":594,"date":"2025-03-22T20:50:55","date_gmt":"2025-03-23T01:50:55","guid":{"rendered":"https:\/\/firehouse.pe\/?post_type=product&#038;p=594"},"modified":"2025-03-22T20:50:55","modified_gmt":"2025-03-23T01:50:55","slug":"batefuego-con-pala-solida","status":"publish","type":"product","link":"https:\/\/firehouse.pe\/?product=batefuego-con-pala-solida","title":{"rendered":"Batefuego con pala s\u00f3lida"},"content":{"rendered":"","protected":false},"excerpt":{"rendered":"<p>Batefuegos con pala s\u00f3lida  es una herramienta destinada a apagar el fuego por sofocaci\u00f3n (desplazamiento del aire), que consiste en un mango o astil met\u00e1lico, terminado en una pala o batidor de caucho autoextinguible<\/p>\n","protected":false},"featured_media":595,"comment_status":"open","ping_status":"closed","template":"","meta":[],"product_cat":[31],"product_tag":[],"class_list":{"0":"post-594","1":"product","2":"type-product","3":"status-publish","4":"has-post-thumbnail","6":"product_cat-herramientas-forestales","8":"first","9":"instock","10":"shipping-taxable","11":"purchasable","12":"product-type-simple"},"_links":{"self":[{"href":"https:\/\/firehouse.pe\/index.php?rest_route=\/wp\/v2\/product\/594","targetHints":{"allow":["GET"]}}],"collection":[{"href":"https:\/\/firehouse.pe\/index.php?rest_route=\/wp\/v2\/product"}],"about":[{"href":"https:\/\/firehouse.pe\/index.php?rest_route=\/wp\/v2\/types\/product"}],"replies":[{"embeddable":true,"href":"https:\/\/firehouse.pe\/index.php?rest_route=%2Fwp%2Fv2%2Fcomments&post=594"}],"wp:featuredmedia":[{"embeddable":true,"href":"https:\/\/firehouse.pe\/index.php?rest_route=\/wp\/v2\/media\/595"}],"wp:attachment":[{"href":"https:\/\/firehouse.pe\/index.php?rest_route=%2Fwp%2Fv2%2Fmedia&parent=594"}],"wp:term":[{"taxonomy":"product_cat","embeddable":true,"href":"https:\/\/firehouse.pe\/index.php?rest_route=%2Fwp%2Fv2%2Fproduct_cat&post=594"},{"taxonomy":"product_tag","embeddable":true,"href":"https:\/\/firehouse.pe\/index.php?rest_route=%2Fwp%2Fv2%2Fproduct_tag&post=594"}],"curies":[{"name":"wp","href":"https:\/\/api.w.org\/{rel}","templated":true}]}}