{"id":597,"date":"2025-03-22T20:54:07","date_gmt":"2025-03-23T01:54:07","guid":{"rendered":"https:\/\/firehouse.pe\/?post_type=product&#038;p=597"},"modified":"2025-03-22T20:54:07","modified_gmt":"2025-03-23T01:54:07","slug":"kit-de-extincion-con-bomba-de-pistones","status":"publish","type":"product","link":"https:\/\/firehouse.pe\/?product=kit-de-extincion-con-bomba-de-pistones","title":{"rendered":"Kit de extinci\u00f3n con bomba de pistones"},"content":{"rendered":"","protected":false},"excerpt":{"rendered":"<p>El kit de extinci\u00f3n con motobomba de pistones de FIRECO est\u00e1 dise\u00f1ado para ofrecer un rendimiento superior y una fiabilidad excepcional en operaciones contraincendios. Equipado con motores potentes y bombas de pistones, este kit es ideal para enfrentar una amplia variedad de situaciones de extinci\u00f3n.<\/p>\n","protected":false},"featured_media":598,"comment_status":"open","ping_status":"closed","template":"","meta":[],"product_cat":[32],"product_tag":[],"class_list":{"0":"post-597","1":"product","2":"type-product","3":"status-publish","4":"has-post-thumbnail","6":"product_cat-kits-de-alta-y-ultra-alta-presion","8":"first","9":"instock","10":"shipping-taxable","11":"purchasable","12":"product-type-simple"},"_links":{"self":[{"href":"https:\/\/firehouse.pe\/index.php?rest_route=\/wp\/v2\/product\/597","targetHints":{"allow":["GET"]}}],"collection":[{"href":"https:\/\/firehouse.pe\/index.php?rest_route=\/wp\/v2\/product"}],"about":[{"href":"https:\/\/firehouse.pe\/index.php?rest_route=\/wp\/v2\/types\/product"}],"replies":[{"embeddable":true,"href":"https:\/\/firehouse.pe\/index.php?rest_route=%2Fwp%2Fv2%2Fcomments&post=597"}],"wp:featuredmedia":[{"embeddable":true,"href":"https:\/\/firehouse.pe\/index.php?rest_route=\/wp\/v2\/media\/598"}],"wp:attachment":[{"href":"https:\/\/firehouse.pe\/index.php?rest_route=%2Fwp%2Fv2%2Fmedia&parent=597"}],"wp:term":[{"taxonomy":"product_cat","embeddable":true,"href":"https:\/\/firehouse.pe\/index.php?rest_route=%2Fwp%2Fv2%2Fproduct_cat&post=597"},{"taxonomy":"product_tag","embeddable":true,"href":"https:\/\/firehouse.pe\/index.php?rest_route=%2Fwp%2Fv2%2Fproduct_tag&post=597"}],"curies":[{"name":"wp","href":"https:\/\/api.w.org\/{rel}","templated":true}]}}