{"id":600,"date":"2025-03-22T20:57:14","date_gmt":"2025-03-23T01:57:14","guid":{"rendered":"https:\/\/firehouse.pe\/?post_type=product&#038;p=600"},"modified":"2025-03-22T20:57:14","modified_gmt":"2025-03-23T01:57:14","slug":"remolques-con-kit-de-extincion-de-incendios","status":"publish","type":"product","link":"https:\/\/firehouse.pe\/?product=remolques-con-kit-de-extincion-de-incendios","title":{"rendered":"Remolques con kit de extinci\u00f3n de incendios"},"content":{"rendered":"","protected":false},"excerpt":{"rendered":"<p>Los remolques con kit de extinci\u00f3n de incendios de Hispamast est\u00e1n dise\u00f1ados para ofrecer una soluci\u00f3n completa y eficiente en la lucha contra incendios, tanto urbanos como forestales. Adem\u00e1s, su versatilidad los hace ideales para tareas de limpieza y baldeo de v\u00edas urbanas.<\/p>\n","protected":false},"featured_media":601,"comment_status":"open","ping_status":"closed","template":"","meta":[],"product_cat":[32],"product_tag":[],"class_list":{"0":"post-600","1":"product","2":"type-product","3":"status-publish","4":"has-post-thumbnail","6":"product_cat-kits-de-alta-y-ultra-alta-presion","8":"first","9":"instock","10":"shipping-taxable","11":"purchasable","12":"product-type-simple"},"_links":{"self":[{"href":"https:\/\/firehouse.pe\/index.php?rest_route=\/wp\/v2\/product\/600","targetHints":{"allow":["GET"]}}],"collection":[{"href":"https:\/\/firehouse.pe\/index.php?rest_route=\/wp\/v2\/product"}],"about":[{"href":"https:\/\/firehouse.pe\/index.php?rest_route=\/wp\/v2\/types\/product"}],"replies":[{"embeddable":true,"href":"https:\/\/firehouse.pe\/index.php?rest_route=%2Fwp%2Fv2%2Fcomments&post=600"}],"wp:featuredmedia":[{"embeddable":true,"href":"https:\/\/firehouse.pe\/index.php?rest_route=\/wp\/v2\/media\/601"}],"wp:attachment":[{"href":"https:\/\/firehouse.pe\/index.php?rest_route=%2Fwp%2Fv2%2Fmedia&parent=600"}],"wp:term":[{"taxonomy":"product_cat","embeddable":true,"href":"https:\/\/firehouse.pe\/index.php?rest_route=%2Fwp%2Fv2%2Fproduct_cat&post=600"},{"taxonomy":"product_tag","embeddable":true,"href":"https:\/\/firehouse.pe\/index.php?rest_route=%2Fwp%2Fv2%2Fproduct_tag&post=600"}],"curies":[{"name":"wp","href":"https:\/\/api.w.org\/{rel}","templated":true}]}}