{"id":605,"date":"2025-03-22T20:58:49","date_gmt":"2025-03-23T01:58:49","guid":{"rendered":"https:\/\/firehouse.pe\/?post_type=product&#038;p=605"},"modified":"2025-03-22T21:00:00","modified_gmt":"2025-03-23T02:00:00","slug":"kits-de-extincion-con-bomba-de-membranas","status":"publish","type":"product","link":"https:\/\/firehouse.pe\/?product=kits-de-extincion-con-bomba-de-membranas","title":{"rendered":"Kits de extinci\u00f3n con bomba de membranas"},"content":{"rendered":"","protected":false},"excerpt":{"rendered":"<p>La gama de motobombas de alta presi\u00f3n FIRECO 0B est\u00e1 dise\u00f1ada para ofrecer un rendimiento excepcional y una durabilidad inigualable en aplicaciones contra incendios. Equipadas con motores a gasolina y bombas de membrana, estas unidades son ideales para una amplia variedad de escenarios de extinci\u00f3n de incendios.<\/p>\n","protected":false},"featured_media":606,"comment_status":"open","ping_status":"closed","template":"","meta":[],"product_cat":[32],"product_tag":[],"class_list":{"0":"post-605","1":"product","2":"type-product","3":"status-publish","4":"has-post-thumbnail","6":"product_cat-kits-de-alta-y-ultra-alta-presion","8":"first","9":"instock","10":"shipping-taxable","11":"purchasable","12":"product-type-simple"},"_links":{"self":[{"href":"https:\/\/firehouse.pe\/index.php?rest_route=\/wp\/v2\/product\/605","targetHints":{"allow":["GET"]}}],"collection":[{"href":"https:\/\/firehouse.pe\/index.php?rest_route=\/wp\/v2\/product"}],"about":[{"href":"https:\/\/firehouse.pe\/index.php?rest_route=\/wp\/v2\/types\/product"}],"replies":[{"embeddable":true,"href":"https:\/\/firehouse.pe\/index.php?rest_route=%2Fwp%2Fv2%2Fcomments&post=605"}],"wp:featuredmedia":[{"embeddable":true,"href":"https:\/\/firehouse.pe\/index.php?rest_route=\/wp\/v2\/media\/606"}],"wp:attachment":[{"href":"https:\/\/firehouse.pe\/index.php?rest_route=%2Fwp%2Fv2%2Fmedia&parent=605"}],"wp:term":[{"taxonomy":"product_cat","embeddable":true,"href":"https:\/\/firehouse.pe\/index.php?rest_route=%2Fwp%2Fv2%2Fproduct_cat&post=605"},{"taxonomy":"product_tag","embeddable":true,"href":"https:\/\/firehouse.pe\/index.php?rest_route=%2Fwp%2Fv2%2Fproduct_tag&post=605"}],"curies":[{"name":"wp","href":"https:\/\/api.w.org\/{rel}","templated":true}]}}