{"id":608,"date":"2025-03-22T21:05:21","date_gmt":"2025-03-23T02:05:21","guid":{"rendered":"https:\/\/firehouse.pe\/?post_type=product&#038;p=608"},"modified":"2025-03-22T21:05:21","modified_gmt":"2025-03-23T02:05:21","slug":"kits-alta-presion-para-quads","status":"publish","type":"product","link":"https:\/\/firehouse.pe\/?product=kits-alta-presion-para-quads","title":{"rendered":"KITS Alta Presi\u00f3n para QUADS"},"content":{"rendered":"","protected":false},"excerpt":{"rendered":"<p>Los kit de alta presion quads para incendios y desinfecci\u00f3n FIRECO, o motobomba para incendio, son el sistema m\u00e1s econ\u00f3mico para la lucha contra incendios, ligero, simple de utilizar y con muy buena autonom\u00eda. Otra funcionalidad importante de los kit de alta presion quads para incendios y desinfecci\u00f3n son la posibilidad de utilizarlos para la descontaminaci\u00f3n y desinfecci\u00f3n de grandes \u00e1reas.<\/p>\n","protected":false},"featured_media":612,"comment_status":"open","ping_status":"closed","template":"","meta":[],"product_cat":[32],"product_tag":[],"class_list":{"0":"post-608","1":"product","2":"type-product","3":"status-publish","4":"has-post-thumbnail","6":"product_cat-kits-de-alta-y-ultra-alta-presion","8":"first","9":"instock","10":"shipping-taxable","11":"purchasable","12":"product-type-simple"},"_links":{"self":[{"href":"https:\/\/firehouse.pe\/index.php?rest_route=\/wp\/v2\/product\/608","targetHints":{"allow":["GET"]}}],"collection":[{"href":"https:\/\/firehouse.pe\/index.php?rest_route=\/wp\/v2\/product"}],"about":[{"href":"https:\/\/firehouse.pe\/index.php?rest_route=\/wp\/v2\/types\/product"}],"replies":[{"embeddable":true,"href":"https:\/\/firehouse.pe\/index.php?rest_route=%2Fwp%2Fv2%2Fcomments&post=608"}],"wp:featuredmedia":[{"embeddable":true,"href":"https:\/\/firehouse.pe\/index.php?rest_route=\/wp\/v2\/media\/612"}],"wp:attachment":[{"href":"https:\/\/firehouse.pe\/index.php?rest_route=%2Fwp%2Fv2%2Fmedia&parent=608"}],"wp:term":[{"taxonomy":"product_cat","embeddable":true,"href":"https:\/\/firehouse.pe\/index.php?rest_route=%2Fwp%2Fv2%2Fproduct_cat&post=608"},{"taxonomy":"product_tag","embeddable":true,"href":"https:\/\/firehouse.pe\/index.php?rest_route=%2Fwp%2Fv2%2Fproduct_tag&post=608"}],"curies":[{"name":"wp","href":"https:\/\/api.w.org\/{rel}","templated":true}]}}