{"id":613,"date":"2025-03-22T21:09:43","date_gmt":"2025-03-23T02:09:43","guid":{"rendered":"https:\/\/firehouse.pe\/?post_type=product&#038;p=613"},"modified":"2025-03-22T21:09:44","modified_gmt":"2025-03-23T02:09:44","slug":"kits-alta-presion-en-forma-de-c","status":"publish","type":"product","link":"https:\/\/firehouse.pe\/?product=kits-alta-presion-en-forma-de-c","title":{"rendered":"KITS alta presi\u00f3n en forma de C"},"content":{"rendered":"","protected":false},"excerpt":{"rendered":"<p>El kit de alta presi\u00f3n contra incendios con tanque en forma de C, representa una soluci\u00f3n econ\u00f3mica, ligera y f\u00e1cil de usar para la lucha contra incendios. Dise\u00f1ado para ser pr\u00e1ctico y con un centro de gravedad bajo, este kit ofrece una excelente autonom\u00eda y versatilidad en diversas situaciones de extinci\u00f3n.<\/p>\n","protected":false},"featured_media":614,"comment_status":"open","ping_status":"closed","template":"","meta":[],"product_cat":[32],"product_tag":[],"class_list":{"0":"post-613","1":"product","2":"type-product","3":"status-publish","4":"has-post-thumbnail","6":"product_cat-kits-de-alta-y-ultra-alta-presion","8":"first","9":"instock","10":"shipping-taxable","11":"purchasable","12":"product-type-simple"},"_links":{"self":[{"href":"https:\/\/firehouse.pe\/index.php?rest_route=\/wp\/v2\/product\/613","targetHints":{"allow":["GET"]}}],"collection":[{"href":"https:\/\/firehouse.pe\/index.php?rest_route=\/wp\/v2\/product"}],"about":[{"href":"https:\/\/firehouse.pe\/index.php?rest_route=\/wp\/v2\/types\/product"}],"replies":[{"embeddable":true,"href":"https:\/\/firehouse.pe\/index.php?rest_route=%2Fwp%2Fv2%2Fcomments&post=613"}],"wp:featuredmedia":[{"embeddable":true,"href":"https:\/\/firehouse.pe\/index.php?rest_route=\/wp\/v2\/media\/614"}],"wp:attachment":[{"href":"https:\/\/firehouse.pe\/index.php?rest_route=%2Fwp%2Fv2%2Fmedia&parent=613"}],"wp:term":[{"taxonomy":"product_cat","embeddable":true,"href":"https:\/\/firehouse.pe\/index.php?rest_route=%2Fwp%2Fv2%2Fproduct_cat&post=613"},{"taxonomy":"product_tag","embeddable":true,"href":"https:\/\/firehouse.pe\/index.php?rest_route=%2Fwp%2Fv2%2Fproduct_tag&post=613"}],"curies":[{"name":"wp","href":"https:\/\/api.w.org\/{rel}","templated":true}]}}