{"id":619,"date":"2025-03-22T21:13:01","date_gmt":"2025-03-23T02:13:01","guid":{"rendered":"https:\/\/firehouse.pe\/?post_type=product&#038;p=619"},"modified":"2025-03-22T21:13:01","modified_gmt":"2025-03-23T02:13:01","slug":"kits-alta-presion-en-forma-de-l","status":"publish","type":"product","link":"https:\/\/firehouse.pe\/?product=kits-alta-presion-en-forma-de-l","title":{"rendered":"KITS alta presi\u00f3n en forma de L"},"content":{"rendered":"","protected":false},"excerpt":{"rendered":"<p>El kits de alta presi\u00f3n contra incendios en forma de L modelo EP050T54DKITS, representan una soluci\u00f3n econ\u00f3mica, ligera y f\u00e1cil de usar para la lucha contra incendios. Estos kits ofrecen una excelente autonom\u00eda y est\u00e1n dise\u00f1ados para ser eficientes y vers\u00e1tiles en diversas situaciones de extinci\u00f3n.<\/p>\n","protected":false},"featured_media":620,"comment_status":"open","ping_status":"closed","template":"","meta":[],"product_cat":[32],"product_tag":[],"class_list":{"0":"post-619","1":"product","2":"type-product","3":"status-publish","4":"has-post-thumbnail","6":"product_cat-kits-de-alta-y-ultra-alta-presion","8":"first","9":"instock","10":"shipping-taxable","11":"purchasable","12":"product-type-simple"},"_links":{"self":[{"href":"https:\/\/firehouse.pe\/index.php?rest_route=\/wp\/v2\/product\/619","targetHints":{"allow":["GET"]}}],"collection":[{"href":"https:\/\/firehouse.pe\/index.php?rest_route=\/wp\/v2\/product"}],"about":[{"href":"https:\/\/firehouse.pe\/index.php?rest_route=\/wp\/v2\/types\/product"}],"replies":[{"embeddable":true,"href":"https:\/\/firehouse.pe\/index.php?rest_route=%2Fwp%2Fv2%2Fcomments&post=619"}],"wp:featuredmedia":[{"embeddable":true,"href":"https:\/\/firehouse.pe\/index.php?rest_route=\/wp\/v2\/media\/620"}],"wp:attachment":[{"href":"https:\/\/firehouse.pe\/index.php?rest_route=%2Fwp%2Fv2%2Fmedia&parent=619"}],"wp:term":[{"taxonomy":"product_cat","embeddable":true,"href":"https:\/\/firehouse.pe\/index.php?rest_route=%2Fwp%2Fv2%2Fproduct_cat&post=619"},{"taxonomy":"product_tag","embeddable":true,"href":"https:\/\/firehouse.pe\/index.php?rest_route=%2Fwp%2Fv2%2Fproduct_tag&post=619"}],"curies":[{"name":"wp","href":"https:\/\/api.w.org\/{rel}","templated":true}]}}